{"id":15,"date":"2016-10-01T12:09:13","date_gmt":"2016-10-01T10:09:13","guid":{"rendered":"http:\/\/www.inasattran.com\/?page_id=15"},"modified":"2022-12-22T10:21:55","modified_gmt":"2022-12-22T09:21:55","slug":"imprint","status":"publish","type":"page","link":"https:\/\/www.inasattran.com\/fr\/imprint\/","title":{"rendered":"Impressum"},"content":{"rendered":"<p class=\"qtranxs-available-languages-message qtranxs-available-languages-message-fr\">Excuses, le page est seulement disponible en Alleman ou Anglais Pour le confort de l\u2019utilisateur, le contenu est affich\u00e9 ci-dessous dans une autre langue. Vous pouvez cliquer le lien pour changer de langue active.<\/p><p><\/p>\n<h1>Impressum<\/h1>\n<h2>Angaben gem\u00e4\u00df \u00a7 5 TMG<\/h2>\n<h2>Kontakt:<\/h2>\n<table>\n<tbody>\n<tr>\n<td>Telefon:<\/td>\n<td>&nbsp;<\/td>\n<\/tr>\n<tr>\n<td>E-Mail:<\/td>\n<td>webmaster@inasattran.com<\/td>\n<\/tr>\n<\/tbody>\n<\/table>\n<p>Quelle: <em><a href=\"https:\/\/www.e-recht24.de\">https:\/\/www.e-recht24.de<\/a><\/em><\/p>","protected":false},"excerpt":{"rendered":"<p>Excuses, le page est seulement disponible en Alleman ou Anglais Pour le confort de l\u2019utilisateur, le contenu est affich\u00e9 ci-dessous dans une autre langue. Vous pouvez cliquer le lien pour changer de langue active. Impressum Angaben gem\u00e4\u00df \u00a7 5 TMG Kontakt: Telefon: &nbsp; E-Mail: webmaster@inasattran.com Quelle: https:\/\/www.e-recht24.de <a href=\"https:\/\/www.inasattran.com\/fr\/imprint\/\" class=\"more-link\">Continuer la lecture de <span class=\"screen-reader-text\">Impressum<\/span><\/a><\/p>\n","protected":false},"author":1,"featured_media":0,"parent":0,"menu_order":0,"comment_status":"closed","ping_status":"closed","template":"","meta":{"ngg_post_thumbnail":0},"_links":{"self":[{"href":"https:\/\/www.inasattran.com\/fr\/wp-json\/wp\/v2\/pages\/15"}],"collection":[{"href":"https:\/\/www.inasattran.com\/fr\/wp-json\/wp\/v2\/pages"}],"about":[{"href":"https:\/\/www.inasattran.com\/fr\/wp-json\/wp\/v2\/types\/page"}],"author":[{"embeddable":true,"href":"https:\/\/www.inasattran.com\/fr\/wp-json\/wp\/v2\/users\/1"}],"replies":[{"embeddable":true,"href":"https:\/\/www.inasattran.com\/fr\/wp-json\/wp\/v2\/comments?post=15"}],"version-history":[{"count":4,"href":"https:\/\/www.inasattran.com\/fr\/wp-json\/wp\/v2\/pages\/15\/revisions"}],"predecessor-version":[{"id":1467,"href":"https:\/\/www.inasattran.com\/fr\/wp-json\/wp\/v2\/pages\/15\/revisions\/1467"}],"wp:attachment":[{"href":"https:\/\/www.inasattran.com\/fr\/wp-json\/wp\/v2\/media?parent=15"}],"curies":[{"name":"wp","href":"https:\/\/api.w.org\/{rel}","templated":true}]}}